{"id":26,"date":"2013-10-17T19:25:47","date_gmt":"2013-10-17T17:25:47","guid":{"rendered":"http:\/\/ludvignordstromsallskapet.se\/?page_id=26"},"modified":"2024-01-29T17:28:52","modified_gmt":"2024-01-29T16:28:52","slug":"galleri","status":"publish","type":"page","link":"https:\/\/ludvignordstromsallskapet.se\/?page_id=26","title":{"rendered":"Bildgalleriet"},"content":{"rendered":"<p><strong>&#8221;Lortsverige&#8221; &#8211;\u00a0i \u00e5r 2024 \u00e4r det 86 \u00e5r sedan reportageresan.<\/strong><\/p>\n<p align=\"left\">Fr\u00e5n reportage, till radioprogram, till bok. Lubbes \u201dhusesynsresa\u201d 1938. Tio \u00e5r efter det att Per Albin Hansson myntade begreppet \u201dFolkhemmet\u201d, reste Ludvig. Nordstr\u00f6m p\u00e5 uppdrag av Radiotj\u00e4nst v\u00e5ren 1938 ut f\u00f6r att unders\u00f6ka hur det stod till med bostadsstandarden p\u00e5 den svenska landsbygden. Under 48 dagar reste Ludvig Nordstr\u00f6m och chauff\u00f6ren\/ljudteknikern Axel Hedin 1 100 mil genom Sverige. Man startade m\u00e5ndagen den 24 april fr\u00e5n Nytorgsgatan 24, f\u00f6rfattarens adress p\u00e5 s\u00f6der i Stockholm. Bilen var samma reportagebil som Sven Jerring en g\u00e5ng haft i USA. \u201d\u2026 aldrig har en brinnande yngling l\u00e4ngtat mer att f\u00e5 se sin \u00e4lskades ansikte \u00e4n jag att f\u00e5 se. M\u00e4nnisko-Sveriges kamrar och k\u00f6k, skafferier och garderober, dass och sopor och l\u00f6ss\u201d skriver f\u00f6rfattaren.<\/p>\n<p align=\"left\">Resv\u00e4g: S\u00f6dermanland \u2013 \u00d6sterg\u00f6tland \u2013 Sm\u00e5land \u2013 Sk\u00e5ne \u2013 Blekinge \u2013 Halland \u2013 V\u00e4sterg\u00f6tland \u2013 Dalsland &#8211; Bohusl\u00e4n \u2013 V\u00e4rmland \u2013 Dalarna \u2013 Uppland \u2013 G\u00e4strikland \u2013 H\u00e4lsingland \u2013 Medelpad \u2013 \u00c5ngermanland \u2013 V\u00e4sterbotten \u2013 Norrbotten \u2013 Lappland \u2013 J\u00e4mtland \u2013 H\u00e4rjedalen \u2013 N\u00e4rke.<\/p>\n<p align=\"left\">\u00d6land och Gotland bes\u00f6ktes inte.<\/p>\n<p align=\"left\">Ungef\u00e4r 200 foton finns bevarade fr\u00e5n resan; fr\u00e5n n\u00e5gra landskap saknas bilder. Under den h\u00e4r resan blev Ludvig Nordstr\u00f6m Lubbe med hela folket. Ibland fick han ocks\u00e5 heta Lort-Lubbe. Socialreportaget \u201dMed Ludvig Nordstr\u00f6m p\u00e5 husesyn\u201d s\u00e4ndes i tio avsnitt under oktoberdecember 1938 och v\u00e4ckte en enorm uppm\u00e4rksamhet \u2013 <span style=\"font-family: TTE1A9DF18t00;\"><span style=\"font-family: TTE1BB2D00t00;\">och <\/span><span style=\"font-family: TTE1A9DF18t00;\">blev f\u00f6rem\u00e5l f\u00f6r anm\u00e4lningar till <\/span><\/span>radion\u00e4mnden.<\/p>\n<p align=\"left\">\u00c4n i dag, 80 \u00e5r efter\u00e5t, vet folk i allm\u00e4nhet vem f\u00f6rfattaren till boken <span style=\"font-family: TTE1A9DF18t00;\"><span style=\"font-family: TTE1BB2D00t00;\">Lort-Sverige <\/span><span style=\"font-family: TTE1A9DF18t00;\">var, f\u00f6r det <\/span><\/span>blev ju en bok ocks\u00e5, i november 1938.<\/p>\n<p align=\"left\">\/Isabella Josefsson<\/p>\n<p>Bilderna \u00e4r h\u00e4mtade fr\u00e5n Ludvig Nordstr\u00f6ms privata fotoalbum.<\/p>\n<p>&nbsp;<\/p>\n<p><a href=\"http:\/\/ludvignordstromsallskapet.se\/wp-content\/uploads\/2013\/10\/Fotograferna_11.jpg\"><img loading=\"lazy\" decoding=\"async\" class=\"size-medium wp-image-1140 aligncenter\" src=\"http:\/\/ludvignordstromsallskapet.se\/wp-content\/uploads\/2013\/10\/Sodermanland_3-442x880.jpg\" alt=\"\" width=\"442\" height=\"880\" srcset=\"https:\/\/ludvignordstromsallskapet.se\/wp-content\/uploads\/2013\/10\/Sodermanland_3-442x880.jpg 442w, https:\/\/ludvignordstromsallskapet.se\/wp-content\/uploads\/2013\/10\/Sodermanland_3.jpg 490w\" sizes=\"auto, (max-width: 442px) 100vw, 442px\" \/><\/a><\/p>\n<p>&nbsp;<\/p>\n<p><a href=\"http:\/\/ludvignordstromsallskapet.se\/wp-content\/uploads\/2018\/02\/halsingland-2.jpg\"><img loading=\"lazy\" decoding=\"async\" class=\"size-full wp-image-1996 aligncenter\" src=\"http:\/\/ludvignordstromsallskapet.se\/wp-content\/uploads\/2018\/02\/halsingland-2.jpg\" alt=\"\" width=\"267\" height=\"505\" \/><\/a><\/p>\n<p>&nbsp;<\/p>\n<p>&nbsp;<\/p>\n<p>&nbsp;<\/p>\n<p>&nbsp;<\/p>\n<p><a href=\"http:\/\/ludvignordstromsallskapet.se\/wp-content\/uploads\/2013\/10\/Sodermanland_11.jpg\"><img loading=\"lazy\" decoding=\"async\" class=\"size-medium wp-image-1126 aligncenter\" src=\"http:\/\/ludvignordstromsallskapet.se\/wp-content\/uploads\/2013\/10\/Sodermanland_1-446x880.jpg\" alt=\"\" width=\"446\" height=\"880\" \/><\/a><\/p>\n<p style=\"text-align: center;\">_ . _<\/p>\n<p>&nbsp;<\/p>\n<p><a href=\"http:\/\/ludvignordstromsallskapet.se\/wp-content\/uploads\/2013\/10\/Sodermanland_21.jpg\"><img loading=\"lazy\" decoding=\"async\" class=\"size-medium wp-image-1129 aligncenter\" src=\"http:\/\/ludvignordstromsallskapet.se\/wp-content\/uploads\/2013\/10\/Sodermanland_2-388x880.jpg\" alt=\"\" width=\"388\" height=\"880\" srcset=\"https:\/\/ludvignordstromsallskapet.se\/wp-content\/uploads\/2013\/10\/Sodermanland_2-388x880.jpg 388w, https:\/\/ludvignordstromsallskapet.se\/wp-content\/uploads\/2013\/10\/Sodermanland_2-452x1024.jpg 452w, https:\/\/ludvignordstromsallskapet.se\/wp-content\/uploads\/2013\/10\/Sodermanland_2.jpg 490w\" sizes=\"auto, (max-width: 388px) 100vw, 388px\" \/><\/a><\/p>\n<p style=\"text-align: center;\">_ . _<\/p>\n<p><a href=\"http:\/\/ludvignordstromsallskapet.se\/wp-content\/uploads\/2013\/10\/Ostergotland_11.jpg\"><img loading=\"lazy\" decoding=\"async\" class=\"size-medium wp-image-1144 aligncenter\" src=\"http:\/\/ludvignordstromsallskapet.se\/wp-content\/uploads\/2013\/10\/Ostergotland_1-391x880.jpg\" alt=\"\" width=\"391\" height=\"880\" srcset=\"https:\/\/ludvignordstromsallskapet.se\/wp-content\/uploads\/2013\/10\/Ostergotland_1-391x880.jpg 391w, https:\/\/ludvignordstromsallskapet.se\/wp-content\/uploads\/2013\/10\/Ostergotland_1-455x1024.jpg 455w\" sizes=\"auto, (max-width: 391px) 100vw, 391px\" \/><\/a><\/p>\n<p>&nbsp;<\/p>\n<p><a href=\"http:\/\/ludvignordstromsallskapet.se\/wp-content\/uploads\/2013\/10\/Smaland_11.jpg\"><img loading=\"lazy\" decoding=\"async\" class=\"aligncenter\" src=\"http:\/\/ludvignordstromsallskapet.se\/wp-content\/uploads\/2013\/10\/Smaland_1-351x880.jpg\" alt=\"\" width=\"351\" height=\"880\" \/><\/a><\/p>\n<p>&nbsp;<\/p>\n<p>_ . _<\/p>\n<p>&nbsp;<\/p>\n<p><a href=\"http:\/\/ludvignordstromsallskapet.se\/wp-content\/uploads\/2013\/10\/Smaland_22.jpg\"><img loading=\"lazy\" decoding=\"async\" class=\"aligncenter\" src=\"http:\/\/ludvignordstromsallskapet.se\/wp-content\/uploads\/2013\/10\/Smaland_21-358x880.jpg\" alt=\"\" width=\"358\" height=\"880\" \/><\/a><\/p>\n<p>&nbsp;<\/p>\n<p><a href=\"http:\/\/ludvignordstromsallskapet.se\/wp-content\/uploads\/2013\/10\/Skane_b1.jpg\"><img loading=\"lazy\" decoding=\"async\" class=\"size-medium wp-image-1173 aligncenter\" src=\"http:\/\/ludvignordstromsallskapet.se\/wp-content\/uploads\/2013\/10\/Skane_s1-387x880.jpg\" alt=\"\" width=\"387\" height=\"880\" srcset=\"https:\/\/ludvignordstromsallskapet.se\/wp-content\/uploads\/2013\/10\/Skane_s1-387x880.jpg 387w, https:\/\/ludvignordstromsallskapet.se\/wp-content\/uploads\/2013\/10\/Skane_s1.jpg 388w\" sizes=\"auto, (max-width: 387px) 100vw, 387px\" \/><\/a><\/p>\n<p>&nbsp;<\/p>\n<p>&nbsp;<\/p>\n<p>&nbsp;<\/p>\n<p><a href=\"http:\/\/ludvignordstromsallskapet.se\/wp-content\/uploads\/2013\/10\/Skane_b2.jpg\"><img loading=\"lazy\" decoding=\"async\" class=\"size-medium wp-image-1177 aligncenter\" src=\"http:\/\/ludvignordstromsallskapet.se\/wp-content\/uploads\/2013\/10\/Skane_s2.jpg\" alt=\"Skane_s2\" width=\"388\" height=\"823\" \/><\/a><\/p>\n<p>&nbsp;<\/p>\n<p>&nbsp;<\/p>\n<p>&nbsp;<\/p>\n<p><a href=\"http:\/\/ludvignordstromsallskapet.se\/wp-content\/uploads\/2013\/10\/Skane_b3.jpg\"><img loading=\"lazy\" decoding=\"async\" class=\"size-full wp-image-1184 aligncenter\" src=\"http:\/\/ludvignordstromsallskapet.se\/wp-content\/uploads\/2013\/10\/Skane_s3.jpg\" alt=\"\" width=\"388\" height=\"819\" \/><\/a><\/p>\n<p><a href=\"http:\/\/ludvignordstromsallskapet.se\/wp-content\/uploads\/2013\/10\/Skane_3b.jpg\"><img loading=\"lazy\" decoding=\"async\" class=\"size-medium wp-image-1191 aligncenter\" src=\"http:\/\/ludvignordstromsallskapet.se\/wp-content\/uploads\/2013\/10\/Skane_3s2-350x880.jpg\" alt=\"\" width=\"350\" height=\"880\" srcset=\"https:\/\/ludvignordstromsallskapet.se\/wp-content\/uploads\/2013\/10\/Skane_3s2-350x880.jpg 350w, https:\/\/ludvignordstromsallskapet.se\/wp-content\/uploads\/2013\/10\/Skane_3s2.jpg 388w\" sizes=\"auto, (max-width: 350px) 100vw, 350px\" \/><\/a><\/p>\n<p>&nbsp;<\/p>\n<p><a href=\"http:\/\/ludvignordstromsallskapet.se\/wp-content\/uploads\/2013\/10\/Blekinge_b.jpg\"><img loading=\"lazy\" decoding=\"async\" class=\"size-full wp-image-1231 aligncenter\" src=\"http:\/\/ludvignordstromsallskapet.se\/wp-content\/uploads\/2013\/10\/Blekinge_s.jpg\" alt=\"Blekinge\" width=\"388\" height=\"641\" \/><\/a><\/p>\n<p>&nbsp;<\/p>\n<p><a href=\"http:\/\/ludvignordstromsallskapet.se\/wp-content\/uploads\/2013\/10\/Halland_b.jpg\"><img loading=\"lazy\" decoding=\"async\" class=\"size-medium wp-image-1234 aligncenter\" src=\"http:\/\/ludvignordstromsallskapet.se\/wp-content\/uploads\/2013\/10\/Halland_s-334x880.jpg\" alt=\"\" width=\"334\" height=\"880\" srcset=\"https:\/\/ludvignordstromsallskapet.se\/wp-content\/uploads\/2013\/10\/Halland_s-334x880.jpg 334w, https:\/\/ludvignordstromsallskapet.se\/wp-content\/uploads\/2013\/10\/Halland_s.jpg 388w\" sizes=\"auto, (max-width: 334px) 100vw, 334px\" \/><\/a><\/p>\n<p>&nbsp;<\/p>\n<p style=\"text-align: center;\">V\u00e4sterg\u00f6tland &#8211; Saknas bilder<\/p>\n<p style=\"text-align: center;\">Dalsland &#8211; Saknas bilder<\/p>\n<p>&nbsp;<\/p>\n<p><a href=\"http:\/\/ludvignordstromsallskapet.se\/wp-content\/uploads\/2013\/10\/Bohuslan_b.jpg\"><img loading=\"lazy\" decoding=\"async\" class=\"size-medium wp-image-1238 aligncenter\" src=\"http:\/\/ludvignordstromsallskapet.se\/wp-content\/uploads\/2013\/10\/Bohuslan_s-378x880.jpg\" alt=\"\" width=\"378\" height=\"880\" srcset=\"https:\/\/ludvignordstromsallskapet.se\/wp-content\/uploads\/2013\/10\/Bohuslan_s-378x880.jpg 378w, https:\/\/ludvignordstromsallskapet.se\/wp-content\/uploads\/2013\/10\/Bohuslan_s.jpg 388w\" sizes=\"auto, (max-width: 378px) 100vw, 378px\" \/><\/a><\/p>\n<p>&nbsp;<\/p>\n<p>&nbsp;<\/p>\n<p>&nbsp;<\/p>\n<p><a href=\"http:\/\/ludvignordstromsallskapet.se\/wp-content\/uploads\/2013\/10\/Varmland_b.jpg\"><img loading=\"lazy\" decoding=\"async\" class=\"size-full wp-image-1242 aligncenter\" src=\"http:\/\/ludvignordstromsallskapet.se\/wp-content\/uploads\/2013\/10\/Varmland_s.jpg\" alt=\"\" width=\"388\" height=\"724\" \/><\/a><\/p>\n<p>&nbsp;<\/p>\n<p><a href=\"http:\/\/ludvignordstromsallskapet.se\/wp-content\/uploads\/2013\/10\/Dalarna_1b.jpg\"><img loading=\"lazy\" decoding=\"async\" class=\"size-medium wp-image-1245 aligncenter\" src=\"http:\/\/ludvignordstromsallskapet.se\/wp-content\/uploads\/2013\/10\/Dalarna_1s-364x880.jpg\" alt=\"\" width=\"364\" height=\"880\" \/><\/a><\/p>\n<p>&nbsp;<\/p>\n<p><a href=\"http:\/\/ludvignordstromsallskapet.se\/wp-content\/uploads\/2013\/10\/Dalarna_2b.jpg\"><img loading=\"lazy\" decoding=\"async\" class=\"size-full wp-image-1248 aligncenter\" src=\"http:\/\/ludvignordstromsallskapet.se\/wp-content\/uploads\/2013\/10\/Dalarna_2s.jpg\" alt=\"\" width=\"388\" height=\"755\" \/><\/a><\/p>\n<p>&nbsp;<\/p>\n<p><strong>Br\u00f6derna Ekman<\/strong><\/p>\n<p>Ludvig Nordstr\u00f6ms (1882\u20131942) v\u00e4nskap med br\u00f6derna Ekman, uppvuxna p\u00e5 Tj\u00e4lls g\u00e5rd i Multr\u00e5 utanf\u00f6r Sollefte\u00e5, g\u00e5r l\u00e5ngt tillbaka i tiden. Ludvig och Ejnar var skolkamrater i H\u00e4rn\u00f6sands l\u00e4roverk. Kontakten fortsatte och Ludvig var i mera vuxen \u00e5lder ofta g\u00e4st hos Ejnar Ekman p\u00e5 Tj\u00e4lls g\u00e5rd. V\u00e4nskapen med Ejnars \u00e4ldre bror John och hans familj \u00e4r dokumenterad mer \u00e4n p\u00e5 bild. Vi vet att John Ekman, fransk konsularagent i H\u00e4rn\u00f6sand, och nytilltr\u00e4d VD f\u00f6r Dyn\u00e4s-V\u00e4ja tr\u00e4varuindustri bekostade den studieresa till Frankrike h\u00f6sten 1908 som gjorde det m\u00f6jligt f\u00f6r Ludvig att skriva klart novellsamlingen Borgare (1909). John Ekmans herrg\u00e5rd i V\u00e4ja var en betydelsefull milj\u00f6 f\u00f6r Ludvig Nordstr\u00f6m att vistas i. Kontakten med industrimannen betydde mycket f\u00f6r f\u00f6rfattarens syn p\u00e5 utvecklingen av den norrl\u00e4ndska industrin, och \u00c5dalens industrihistoria har f\u00e5tt sk\u00f6nlitter\u00e4r dr\u00e4kt i n\u00e5gra av Ludvig Nordstr\u00f6ms skrifter, till exempel i novellen \u201dDen f\u00f6rste\u201d (Herrar, 1910) som han till\u00e4gnade John Ekman. Ludvig dedicerade f\u00f6r \u00f6vrigt boken Borgare till Ejnar, men sk\u00e4nkte manuskriptet till John. \u00c4nnu ett exempel p\u00e5 den varaktiga v\u00e4nskapen mellan Ludvig Nordstr\u00f6m och br\u00f6derna Ekman \u00e4r den stora korrespondens mellan dem som \u00e4r bevarad. \/Isabella Josefsson.<\/p>\n<p>Bilderna \u00e4r h\u00e4mtade ur Ludvig Nordstr\u00f6ms privata fotoalbum.<\/p>\n<p><a href=\"http:\/\/ludvignordstromsallskapet.se\/wp-content\/uploads\/2013\/10\/Ekman_11.jpg\"><img loading=\"lazy\" decoding=\"async\" class=\"size-full wp-image-1090 aligncenter\" src=\"http:\/\/ludvignordstromsallskapet.se\/wp-content\/uploads\/2013\/10\/Ekman_1.jpg\" alt=\"Ekman_1\" width=\"490\" height=\"543\" \/><\/a><\/p>\n<p>&nbsp;<\/p>\n<p>&nbsp;<\/p>\n<p style=\"text-align: center;\">__ . __<\/p>\n<p>\u00a0<a href=\"http:\/\/ludvignordstromsallskapet.se\/wp-content\/uploads\/2013\/10\/Ekman_22.jpg\"><img loading=\"lazy\" decoding=\"async\" class=\"size-full wp-image-1095 aligncenter\" src=\"http:\/\/ludvignordstromsallskapet.se\/wp-content\/uploads\/2013\/10\/Ekman_2.jpg\" alt=\"Ekman_2\" width=\"490\" height=\"672\" \/><\/a><\/p>\n<p style=\"text-align: center;\">__ . __<\/p>\n<p>\u00a0<a href=\"http:\/\/ludvignordstromsallskapet.se\/wp-content\/uploads\/2013\/10\/Ekman_31.jpg\"><img loading=\"lazy\" decoding=\"async\" class=\"size-full wp-image-1096 aligncenter\" src=\"http:\/\/ludvignordstromsallskapet.se\/wp-content\/uploads\/2013\/10\/Ekman_3.jpg\" alt=\"Ekman_3\" width=\"490\" height=\"701\" \/><\/a><\/p>\n","protected":false},"excerpt":{"rendered":"<p>&#8221;Lortsverige&#8221; &#8211;\u00a0i \u00e5r 2024 \u00e4r det 86 \u00e5r sedan reportageresan. Fr\u00e5n reportage, till radioprogram, till bok. Lubbes \u201dhusesynsresa\u201d 1938. Tio \u00e5r efter det att Per Albin Hansson myntade begreppet \u201dFolkhemmet\u201d, reste Ludvig. Nordstr\u00f6m p\u00e5 uppdrag av Radiotj\u00e4nst v\u00e5ren 1938 ut f\u00f6r att unders\u00f6ka hur det stod till med bostadsstandarden p\u00e5 den svenska landsbygden. Under 48 &hellip; <\/p>\n<p class=\"link-more\"><a href=\"https:\/\/ludvignordstromsallskapet.se\/?page_id=26\" class=\"more-link\">Forts\u00e4tt l\u00e4sa<span class=\"screen-reader-text\"> \u201dBildgalleriet\u201d<\/span><\/a><\/p>\n","protected":false},"author":6,"featured_media":0,"parent":0,"menu_order":4,"comment_status":"open","ping_status":"closed","template":"","meta":{"footnotes":""},"class_list":["post-26","page","type-page","status-publish","hentry"],"_links":{"self":[{"href":"https:\/\/ludvignordstromsallskapet.se\/index.php?rest_route=\/wp\/v2\/pages\/26","targetHints":{"allow":["GET"]}}],"collection":[{"href":"https:\/\/ludvignordstromsallskapet.se\/index.php?rest_route=\/wp\/v2\/pages"}],"about":[{"href":"https:\/\/ludvignordstromsallskapet.se\/index.php?rest_route=\/wp\/v2\/types\/page"}],"author":[{"embeddable":true,"href":"https:\/\/ludvignordstromsallskapet.se\/index.php?rest_route=\/wp\/v2\/users\/6"}],"replies":[{"embeddable":true,"href":"https:\/\/ludvignordstromsallskapet.se\/index.php?rest_route=%2Fwp%2Fv2%2Fcomments&post=26"}],"version-history":[{"count":83,"href":"https:\/\/ludvignordstromsallskapet.se\/index.php?rest_route=\/wp\/v2\/pages\/26\/revisions"}],"predecessor-version":[{"id":2666,"href":"https:\/\/ludvignordstromsallskapet.se\/index.php?rest_route=\/wp\/v2\/pages\/26\/revisions\/2666"}],"wp:attachment":[{"href":"https:\/\/ludvignordstromsallskapet.se\/index.php?rest_route=%2Fwp%2Fv2%2Fmedia&parent=26"}],"curies":[{"name":"wp","href":"https:\/\/api.w.org\/{rel}","templated":true}]}}