{"id":122,"date":"2009-07-12T21:13:33","date_gmt":"2009-07-12T19:13:33","guid":{"rendered":"http:\/\/ludvignordstromsallskapet.se\/?page_id=122"},"modified":"2025-01-25T12:08:47","modified_gmt":"2025-01-25T11:08:47","slug":"lnpriset","status":"publish","type":"page","link":"https:\/\/ludvignordstromsallskapet.se\/?page_id=122","title":{"rendered":"Ludvig Nordstr\u00f6m-priserna"},"content":{"rendered":"<p>&#8212;&#8212;&#8212;&#8212;&#8212;&#8212;&#8212;&#8212;&#8212;&#8212;&#8212;&#8212;&#8212;&#8212;&#8212;&#8212;&#8212;&#8212;&#8212;&#8212;-<\/p>\n<p><strong>Stadgar f\u00f6r Ludvig Nordstr\u00f6m-priset, instiftat 1997<\/strong> (reviderade 2011-02-24)<\/p>\n<p>Ludvig Nordstr\u00f6m-priset \u00e4r tv\u00e5delat och avser att premiera lovande och f\u00f6retr\u00e4desvis unga novellf\u00f6rfattare respektive journalister. Det speglar p\u00e5 s\u00e5 s\u00e4tt Ludvig Nordstr\u00f6ms b\u00e4sta genrer, novellen och reportaget. Priset ska s\u00e5ledes vartannat \u00e5r delas ut till en novellist, och vartannat \u00e5r till en journalist (tv\u00e5 eller flera), som verkar i Ludvig Nordstr\u00f6ms anda. En j\u00e4mn f\u00f6rdelning mellan kvinnliga och manliga pristagare ska efterstr\u00e4vas. Pristagaren ska utses av s\u00e4llskapets styrelse efter f\u00f6rslag fr\u00e5n tv\u00e5 olika juryer, vardera best\u00e5ende av tre personer som utses av styrelsen. Priset ska delas ut i samband med Ludvig Nordstr\u00f6m-s\u00e4llskapets \u00e5rsm\u00f6te. Prissumman \u00e4r f\u00f6r n\u00e4rvarande 15 000 kr.<\/p>\n<p><strong>Pristagare:<\/strong> <strong><span style=\"text-decoration: underline;\">Novellister<\/span><\/strong><strong>\u00a0och\u00a0\u00a0<span style=\"text-decoration: underline;\">Journalister<\/span><\/strong><\/p>\n<p><strong>1998\u00a0 Inger Edelfeldt,\u00a0 1999\u00a0 Jan Helin<\/strong><\/p>\n<p><strong>2000 <\/strong><strong>Stewe Claeson,\u00a0\u00a0<\/strong><strong>2001 Andreas Rocks\u00e9n<\/strong><\/p>\n<p><strong>2002\u00a0 Hans Gunnarsson,\u00a0\u00a02003\u00a0 Curt Bladh<\/strong><\/p>\n<p><strong>2004\u00a0 Cecilia Davidsson,\u00a0\u00a02005\u00a0 Anneli Jordahl<\/strong><\/p>\n<p><strong>2006\u00a0 Ulf Eriksson, \u00a02007\u00a0 Linda Larsson Kakuli<\/strong><\/p>\n<p><strong>2008\u00a0 Oline Stig, \u00a02009\u00a0 Anders Lid\u00e9n<\/strong><\/p>\n<p><strong>2010\u00a0 Ninni Holmqvist,\u00a02011\u00a0 Anna Tiberg<\/strong><\/p>\n<p><strong>2012\u00a0 Mats Kempe,\u00a0 2013 \u00a0Martin Schibbye &amp; Johan Persson<\/strong><\/p>\n<p><strong>2014\u00a0 Stefan Lindberg, 2015 Po Tidholm<\/strong><\/p>\n<p><strong>2016 \u00c5ke Smedberg, 2017 Anna-Klara Bankel<\/strong><\/p>\n<p><strong>2018 Jonas Karlsson, 2019 Jack Werner<\/strong><\/p>\n<p><strong>2020 Susanne Ringell, 2021 Katarina Vikstr\u00f6m<\/strong><\/p>\n<p><strong> 2022 P\u00e4r Th\u00f6rn, 2023 Lisa R\u00f6stlund<\/strong><\/p>\n<p><strong> 2024 Stina Stoor. 2025 Adam Svanell<\/strong><\/p>\n<p><strong>\u00a0&#8211; &#8211; &#8211; &#8211; &#8211; &#8211; &#8211; &#8211; &#8211; &#8211; &#8211; &#8211; &#8211; &#8211; &#8211; &#8211; &#8211; &#8211; &#8211; &#8211; &#8211; &#8211; &#8211; &#8211; &#8211; &#8211; &#8211; &#8211; &#8211; &#8211; &#8211; &#8211; &#8211; &#8211; &#8211; &#8211; &#8211; &#8211; &#8211; &#8211; &#8211; &#8211; &#8211;<br \/>\n<\/strong><\/p>\n<p>&nbsp;<\/p>\n<p><strong>Lilla Lubbe-priset\/(t\u00e4vlingen) \u00e4r fr\u00e5n 2018 \u00e4ndrat fr\u00e5n att enbart g\u00e4lla H\u00e4rn\u00f6sands gymnasium, till att omfatta alla ungdomar i V\u00e4sternorrlands l\u00e4n.<\/strong><br \/>\n&#8211; &#8211; &#8211; &#8211; &#8211; &#8211; &#8211; &#8211;<\/p>\n<p>+ + + + + + + +<\/p>\n<p>2024:<br \/>\nVinnare:<br \/>\n1:a pris:<strong>Olga \u00d6rdell<\/strong> f\u00f6r novellen &#8221;S\u00f6rjan&#8221;<\/p>\n<p>2:a pris: <strong>Alice Melander<\/strong> f\u00f6r novellen &#8221;F\u00f6r k\u00e4rlekens skull&#8221;<\/p>\n<p>3:e pris: <strong>Hanna Norberg<\/strong> f\u00f6r novellen &#8221;Skogshuggaren&#8221;<\/p>\n<p>Ett s\u00e4rskilt pris delades ut till elev vid H\u00e4rn\u00f6sands gymnasium.<\/p>\n<p>Vinnare: <strong>Anna H\u00f6gstr\u00f6m<\/strong> f\u00f6r novellen &#8221;Framliden&#8221;<\/p>\n<p>2023:<\/p>\n<p>Vinnare:<br \/>\n1:a pris: <strong>Alice Melander<\/strong> f\u00f6r novellen &#8221;Liesel Spiegelmans dagbok&#8221;<\/p>\n<p>2:a pris: <strong>Sara Viklund<\/strong> f\u00f6r novellen &#8221;En sista \u00f6nskan&#8221;<\/p>\n<p>\u00c5r 2023 delades endast tv\u00e5 pris ut i den l\u00e4nsomfattande t\u00e4vlingen.<\/p>\n<p>Ett s\u00e4rskilt pris delades ut till elev vid H\u00e4rn\u00f6sands gymnasium. <\/p>\n<p>vinnare:<br \/>\n<strong>Anna H\u00f6gstrom<\/strong> f\u00f6r novellen &#8221;Runt h\u00f6rnet&#8221;<\/p>\n<p>2022:<\/p>\n<p>Vinnare:<br \/>\n1:a pris: <strong>Hedvig van Lint<\/strong> f\u00f6r novellen &#8221;Betraktaren&#8221;<\/p>\n<p>2:a pris: <strong>Alma \u00d6berg<\/strong> f\u00f6r novellen &#8221;Fotsp\u00e5ren som f\u00f6rsvann&#8221;<\/p>\n<p>3:e pris: <strong>Kajsa M\u00e5rtensdotter<\/strong> f\u00f6r novellen &#8221;V\u00e4rldens alla monster&#8221;<\/p>\n<p><strong> Lilla Lubbe-priset 2021<\/strong>:<\/p>\n<p>Vinnare:<\/p>\n<p>1:a pris: <b>Saga Iv\u00e9us Wenglert<\/b> f\u00f6r novellen &#8221;Sn\u00f6&#8221;<\/p>\n<p><a href=\"http:\/\/ludvignordstromsallskapet.se\/wp-content\/uploads\/2021\/06\/Sno-1.pdf\">Sn\u00f6<\/a><\/p>\n<p>2:a pris: <strong>August Lundin<\/strong> f\u00f6r novellen &#8221;Det ingen ser&#8221;<\/p>\n<p><a href=\"http:\/\/ludvignordstromsallskapet.se\/wp-content\/uploads\/2021\/06\/Det_ingen_ser.pdf\">Det_ingen_ser<\/a><\/p>\n<p>3:e pris: <strong>Alva Olsson <\/strong>f\u00f6r novellen &#8221;Bes\u00f6k&#8221;<\/p>\n<p><a href=\"http:\/\/ludvignordstromsallskapet.se\/wp-content\/uploads\/2021\/06\/Besok.pdf\">Bes\u00f6k<\/a><\/p>\n<p>&nbsp;<\/p>\n<p>+ + + + + + + +<br \/>\n<strong> Lilla Lubbe-priset 2020<\/strong>:<\/p>\n<p>Vinnare:<\/p>\n<p>1:a pris: <strong> Elin Sundstr\u00f6m<\/strong> f\u00f6r novellen &#8221;Sju kronor&#8221;<\/p>\n<p><a href=\"http:\/\/ludvignordstromsallskapet.se\/wp-content\/uploads\/2020\/08\/sju_kronor.pdf\">sju_kronor<\/a><\/p>\n<p>2:a pris: <strong> Lina Wahlberg<\/strong> f\u00f6r novellen &#8221;Folkvang flickan&#8221;<\/p>\n<p><a href=\"http:\/\/ludvignordstromsallskapet.se\/wp-content\/uploads\/2020\/08\/folkvang_flickan.pdf\">folkvang_flickan<\/a><\/p>\n<p>3:e pris: <strong> Sissi Jansson<\/strong> f\u00f6r novellen &#8221;175 meter \u00f6ver helvetet&#8221;<\/p>\n<p><a href=\"http:\/\/ludvignordstromsallskapet.se\/wp-content\/uploads\/2020\/08\/175_meter_over_helvetet.pdf\">175_meter_over_helvetet<\/a><\/p>\n<p>&nbsp;<\/p>\n<p><strong> Lilla Lubbe-priset 2019<\/strong>:<\/p>\n<p>Vinnare:<\/p>\n<p>1:a pris: <strong> Tilly Eires<\/strong> f\u00f6r novellen <strong>Blod<\/strong>: <a href=\"http:\/\/ludvignordstromsallskapet.se\/wp-content\/uploads\/2019\/06\/1_Blod_Tilly_Eires.pdf\">1_<\/a><a href=\"http:\/\/ludvignordstromsallskapet.se\/wp-content\/uploads\/2019\/06\/1_Blod_Tilly_Eires.pdf\">Blod_Tilly_Eires<\/a><\/p>\n<p>2:a pris: <strong> Mirelle Falstad<\/strong> f\u00f6r\u00a0novellen <strong>Morte e vita<\/strong>:\u00a0<a href=\"http:\/\/ludvignordstromsallskapet.se\/wp-content\/uploads\/2019\/06\/2_Morte_e_vita.pdf\">2_Morte_e_vita<\/a><\/p>\n<p>3:e pris <strong> Linn H\u00e4ggberg<\/strong> f\u00f6r\u00a0novellen <strong>2030<\/strong>: \u00a0<a href=\"http:\/\/ludvignordstromsallskapet.se\/wp-content\/uploads\/2019\/06\/3_2030.pdf\">3_2030<\/a><br \/>\n*** *** ***<\/p>\n<p><strong>Lilla Lubbepriset 2018<\/strong>:<br \/>\n1:a pris: <strong>Emelie Glans<\/strong> f\u00f6r novellen <a href=\"http:\/\/ludvignordstromsallskapet.se\/wp-content\/uploads\/2018\/01\/Sm\u00e5potatis-Emelie-Glans.pdf\">&#8221;Sm\u00e5potatis&#8221;<\/a><br \/>\n2:a pris: <strong>Nora Hofman<\/strong> f\u00f6r novellen <a href=\"http:\/\/ludvignordstromsallskapet.se\/wp-content\/uploads\/2018\/01\/Oktobersol.-Nora-Hofman.pdf\">&#8221;Oktobersol&#8221;<\/a><br \/>\n3:e pris: <strong>Isak Eriksson<\/strong> f\u00f6r novellen <a href=\"http:\/\/ludvignordstromsallskapet.se\/wp-content\/uploads\/2018\/01\/Ett-stilla-liv.-Isak-Eriksson.pdf\">&#8221;Ett stilla liv&#8221;<\/a><\/p>\n<p>+++ +++ +++ +++ +++ +++ +++<br \/>\n&#8221;Gamla&#8221; Lilla Lubbe-priset, TEMAN och vinnare:<\/p>\n<p><strong>2017<\/strong> delades inget pris ut:<\/p>\n<p><strong>Tilda Nordl\u00f6w<\/strong> fick ett hedersomn\u00e4mnande f\u00f6r sin kr\u00f6nika \u201dKn\u00e4ppg\u00f6k eller normf\u00f6ljare \u2013 glesbygdens framtid\u201d.<\/p>\n<p><strong>TEMA 2016:<\/strong> <strong>I en f\u00f6r\u00e4ndrad v\u00e4rld. Att b\u00e4ra varandras b\u00f6rdor.<\/strong><\/p>\n<p><strong>Emilia Flinkfeldt <\/strong>, &#8221;Gravitationskraft&#8221;. Finns som PDF p\u00e5 hemsidans f\u00f6rstasida).<\/p>\n<p>+ + + + + +<\/p>\n<p><strong>TEMA 2015:<\/strong> <strong>I en digitaliserad v\u00e4rld<\/strong>.<\/p>\n<p><strong>Matilda Albertsson, <\/strong> &#8221;Den ensamma gungans gnisslande sorges\u00e5ng&#8221;. (Finns som PDF p\u00e5 hemsidans f\u00f6rstasida.)<\/p>\n<p><strong>Linnea Lindahl<\/strong>, &#8221;En dag i mitt liv&#8221;. (Finns som PDF p\u00e5 hemsidans f\u00f6rstasida).<\/p>\n<p>+ + + + + +<\/p>\n<p><strong>TEMA 2014:<\/strong> <strong> I v\u00e4rlden<\/strong><\/p>\n<p><strong>Amanda Bystr\u00f6m, &#8221;<\/strong>Ett f\u00f6nster mot v\u00e4rlden&#8221; (kan l\u00e4sas i fulltext p\u00e5 hemsidan)<\/p>\n<p><strong>Emelie Bystr\u00f6m, &#8221;<\/strong>Jag \u00e4r en gud<strong>&#8221; (&#8221;&#8221;&#8221;)<\/strong><\/p>\n<p><strong>Erica Nordin, <\/strong>&#8221;Rosenr\u00f6da ansikten&#8221; (&#8221;&#8221;&#8221;)<\/p>\n<p>+ + + + + +<\/p>\n<p><strong>TEMA 2013: Staden<\/strong><\/p>\n<p><strong>Michaela Eriksson, <\/strong>&#8221;Hemkomsten&#8221;<\/p>\n<p><strong>Anna Ljungstr\u00f6m, <\/strong>&#8221;Och m\u00e5sarna skriker fortfarande&#8221;<\/p>\n<p><strong>Hanna Nilsson, <\/strong>&#8221;D\u00e4r ljuset \u00e4r&#8221;<\/p>\n<p>+ + + + + +<\/p>\n<p><strong>Lilla Lubbepriset 2012<\/strong><\/p>\n<p><strong>2012<\/strong>, delas priset ut f\u00f6r f\u00f6rsta g\u00e5ngen och det g\u00e5r till de tre novellf\u00f6rfattande gymnasieeleverna:G\u00e5r till;<\/p>\n<p><strong>Sofia Berglund<\/strong> f\u00f6r <a href=\"http:\/\/ludvignordstromsallskapet.se\/Lilla_Lubbe_Sofia_Berglund_2012.pdf\" target=\"_blank\" rel=\"noopener noreferrer\">&#8221;S\u00e5rad&#8221; <\/a> (PDF)<\/p>\n<p><strong>Emelie Nordin<\/strong> &#8221;<a href=\"http:\/\/ludvignordstromsallskapet.se\/Lilla_Lubbe_Emelie_Nordin_2012.pdf\" target=\"_blank\" rel=\"noopener noreferrer\">&#8221;Nyf\u00f6dd&#8221; <\/a> (PDF)<\/p>\n<p><strong>Emil Olsson<\/strong> <a href=\"http:\/\/ludvignordstromsallskapet.se\/Lilla_Lubbe_Emil_Olsson_2012.pdf\" target=\"_blank\" rel=\"noopener noreferrer\">&#8221;En odyss\u00e9&#8221; <\/a> (PDF)<\/p>\n","protected":false},"excerpt":{"rendered":"<p>&#8212;&#8212;&#8212;&#8212;&#8212;&#8212;&#8212;&#8212;&#8212;&#8212;&#8212;&#8212;&#8212;&#8212;&#8212;&#8212;&#8212;&#8212;&#8212;&#8212;- Stadgar f\u00f6r Ludvig Nordstr\u00f6m-priset, instiftat 1997 (reviderade 2011-02-24) Ludvig Nordstr\u00f6m-priset \u00e4r tv\u00e5delat och avser att premiera lovande och f\u00f6retr\u00e4desvis unga novellf\u00f6rfattare respektive journalister. Det speglar p\u00e5 s\u00e5 s\u00e4tt Ludvig Nordstr\u00f6ms b\u00e4sta genrer, novellen och reportaget. Priset ska s\u00e5ledes vartannat \u00e5r delas ut till en novellist, och vartannat \u00e5r till en journalist (tv\u00e5 eller flera), &hellip; <\/p>\n<p class=\"link-more\"><a href=\"https:\/\/ludvignordstromsallskapet.se\/?page_id=122\" class=\"more-link\">Forts\u00e4tt l\u00e4sa<span class=\"screen-reader-text\"> \u201dLudvig Nordstr\u00f6m-priserna\u201d<\/span><\/a><\/p>\n","protected":false},"author":6,"featured_media":0,"parent":0,"menu_order":2,"comment_status":"open","ping_status":"closed","template":"","meta":{"footnotes":""},"class_list":["post-122","page","type-page","status-publish","hentry"],"_links":{"self":[{"href":"https:\/\/ludvignordstromsallskapet.se\/index.php?rest_route=\/wp\/v2\/pages\/122","targetHints":{"allow":["GET"]}}],"collection":[{"href":"https:\/\/ludvignordstromsallskapet.se\/index.php?rest_route=\/wp\/v2\/pages"}],"about":[{"href":"https:\/\/ludvignordstromsallskapet.se\/index.php?rest_route=\/wp\/v2\/types\/page"}],"author":[{"embeddable":true,"href":"https:\/\/ludvignordstromsallskapet.se\/index.php?rest_route=\/wp\/v2\/users\/6"}],"replies":[{"embeddable":true,"href":"https:\/\/ludvignordstromsallskapet.se\/index.php?rest_route=%2Fwp%2Fv2%2Fcomments&post=122"}],"version-history":[{"count":173,"href":"https:\/\/ludvignordstromsallskapet.se\/index.php?rest_route=\/wp\/v2\/pages\/122\/revisions"}],"predecessor-version":[{"id":2770,"href":"https:\/\/ludvignordstromsallskapet.se\/index.php?rest_route=\/wp\/v2\/pages\/122\/revisions\/2770"}],"wp:attachment":[{"href":"https:\/\/ludvignordstromsallskapet.se\/index.php?rest_route=%2Fwp%2Fv2%2Fmedia&parent=122"}],"curies":[{"name":"wp","href":"https:\/\/api.w.org\/{rel}","templated":true}]}}