{"id":10,"date":"2009-07-08T18:10:20","date_gmt":"2009-07-08T16:10:20","guid":{"rendered":"http:\/\/ludvignordstromsallskapet.se\/?page_id=10"},"modified":"2026-03-19T11:53:20","modified_gmt":"2026-03-19T10:53:20","slug":"sallskapet","status":"publish","type":"page","link":"https:\/\/ludvignordstromsallskapet.se\/?page_id=10","title":{"rendered":"S\u00e4llskapet och styrelsen"},"content":{"rendered":"<p>Ludvig Nordstr\u00f6m-s\u00e4llskapet bildades den 25 februari 1992, p\u00e5 f\u00f6rfattarens 110:e f\u00f6delsedag, av n\u00e5gra l\u00e4rare p\u00e5 Mitth\u00f6gskolan i H\u00e4rn\u00f6sand, nuvarande Mittuniversitet, med syftet att fr\u00e4mja intresset f\u00f6r och studiet av Ludvig Nordstr\u00f6ms f\u00f6rfattarskap.<\/p>\n<p>S\u00e4llskapet har sitt s\u00e4te i H\u00e4rn\u00f6sand, den stad som i Nordstr\u00f6ms b\u00f6cker kallas \u201d\u00d6backa\u201d, men s\u00e4llskapets medlemmar \u00e4r spridda \u00f6ver hela landet.<\/p>\n<p><strong>Ordf\u00f6rande: Fredrik Lundberg<strong><br \/>\n<strong>Sekreterare:<strong> Sara \u00d6dmark<br \/>\n<strong> Kass\u00f6r: Britt-Marie Lundberg<\/p>\n<p><b>\u00d6vriga ledam\u00f6ter:<\/b><br \/>\nSven Bodin, J\u00f6rgen Eriksson, Dan Gerell<br \/>\nLars Wikberg, <\/p>\n<p><strong>Adjungerad: Isabella Josefsson<\/strong><\/p>\n<p><\/strong><br \/>\n<strong>Valberedning:<\/strong><br \/>\nBj\u00f6rn Thunberg<\/p>\n","protected":false},"excerpt":{"rendered":"<p>Ludvig Nordstr\u00f6m-s\u00e4llskapet bildades den 25 februari 1992, p\u00e5 f\u00f6rfattarens 110:e f\u00f6delsedag, av n\u00e5gra l\u00e4rare p\u00e5 Mitth\u00f6gskolan i H\u00e4rn\u00f6sand, nuvarande Mittuniversitet, med syftet att fr\u00e4mja intresset f\u00f6r och studiet av Ludvig Nordstr\u00f6ms f\u00f6rfattarskap. S\u00e4llskapet har sitt s\u00e4te i H\u00e4rn\u00f6sand, den stad som i Nordstr\u00f6ms b\u00f6cker kallas \u201d\u00d6backa\u201d, men s\u00e4llskapets medlemmar \u00e4r spridda \u00f6ver hela landet. Ordf\u00f6rande: &hellip; <\/p>\n<p class=\"link-more\"><a href=\"https:\/\/ludvignordstromsallskapet.se\/?page_id=10\" class=\"more-link\">Forts\u00e4tt l\u00e4sa<span class=\"screen-reader-text\"> \u201dS\u00e4llskapet och styrelsen\u201d<\/span><\/a><\/p>\n","protected":false},"author":6,"featured_media":0,"parent":0,"menu_order":6,"comment_status":"open","ping_status":"open","template":"","meta":{"footnotes":""},"class_list":["post-10","page","type-page","status-publish","hentry"],"_links":{"self":[{"href":"https:\/\/ludvignordstromsallskapet.se\/index.php?rest_route=\/wp\/v2\/pages\/10","targetHints":{"allow":["GET"]}}],"collection":[{"href":"https:\/\/ludvignordstromsallskapet.se\/index.php?rest_route=\/wp\/v2\/pages"}],"about":[{"href":"https:\/\/ludvignordstromsallskapet.se\/index.php?rest_route=\/wp\/v2\/types\/page"}],"author":[{"embeddable":true,"href":"https:\/\/ludvignordstromsallskapet.se\/index.php?rest_route=\/wp\/v2\/users\/6"}],"replies":[{"embeddable":true,"href":"https:\/\/ludvignordstromsallskapet.se\/index.php?rest_route=%2Fwp%2Fv2%2Fcomments&post=10"}],"version-history":[{"count":78,"href":"https:\/\/ludvignordstromsallskapet.se\/index.php?rest_route=\/wp\/v2\/pages\/10\/revisions"}],"predecessor-version":[{"id":2856,"href":"https:\/\/ludvignordstromsallskapet.se\/index.php?rest_route=\/wp\/v2\/pages\/10\/revisions\/2856"}],"wp:attachment":[{"href":"https:\/\/ludvignordstromsallskapet.se\/index.php?rest_route=%2Fwp%2Fv2%2Fmedia&parent=10"}],"curies":[{"name":"wp","href":"https:\/\/api.w.org\/{rel}","templated":true}]}}