{"id":2775,"date":"2025-03-01T13:15:11","date_gmt":"2025-03-01T12:15:11","guid":{"rendered":"http:\/\/ludvignordstromsallskapet.se\/?page_id=2775"},"modified":"2025-03-01T13:15:11","modified_gmt":"2025-03-01T12:15:11","slug":"verksamhetsberattelser","status":"publish","type":"page","link":"http:\/\/ludvignordstromsallskapet.se\/?page_id=2775","title":{"rendered":"Verksamhetsber\u00e4ttelser"},"content":{"rendered":"<p><strong>VERKSAMHETSBER\u00c4TTELSE.  LUDVIG NORDSTR\u00d6M-S\u00c4LLSKAPET 2024<\/strong><br \/>\nOrdf\u00f6rande: Fredrik Lundberg.<br \/>\nVice ordf:  Daniel L\u00e5ng.<br \/>\nSkattm\u00e4stare: J\u00f6rgen Eriksson.<br \/>\nSekreterare: Isabella Josefsson<br \/>\n\u00d6vriga ledam\u00f6ter: Lars Vikberg och Sven Bodin.<br \/>\nErs\u00e4ttare: Sara \u00d6dmark. <\/p>\n<p>Revisor: Jan Nilsson.<br \/>\nRevisorsers\u00e4ttare: vakant.<br \/>\nValberedning: Bj\u00f6rn Thunberg<br \/>\nStyrelsen har haft fyra protokollf\u00f6rda m\u00f6ten ut\u00f6ver \u00e5rsm\u00f6tet. Alla dessa  m\u00f6ten genomf\u00f6rdes via Teams.<br \/>\nS\u00e4llskapet har 32 betalande medlemmar.<br \/>\n\u25d8 \u25d8 \u25d8<br \/>\nDen 24 februari delades 2024 \u00e5rs Ludvig Nordstr\u00f6m-pris (novellistpriset) ut till f\u00f6rfattaren Stina Stoor. Ut\u00f6ver diplom och blommor tog Stina Stoor emot 15 000 kronor. Hon ber\u00e4ttade om sin novellsamling Bli som folk, och om sitt f\u00f6rfattarskap f\u00f6r \u00f6vrigt.<br \/>\nJury har varit: Anders \u00d6hman, Daniel L\u00e5ng och Isabella Josefsson.<\/p>\n<p>\u25d8 \u25d8 \u25d8<br \/>\nCarin Carlz\u00e9n, Regionbibliotek V\u00e4sternorrland och Elin Gustafsson, Kramfors bibliotek, har utgjort den jury som arbetat med att utse vinnarna i skrivt\u00e4vlingen \u201dLilla Lubbe\u201d 2024. Priset, som delas ut till f.a. gymnasieelever, bekostas delvis fr\u00e5n en donation fr\u00e5n den numera nedlagda \u201dL\u00e4roverksf\u00f6reningen\u201d i H\u00e4rn\u00f6sand.<br \/>\nF\u00f6r andra g\u00e5ngen delades priset ut i tv\u00e5 grupper\/avdelningar; den ena gruppen till en elev i H\u00e4rn\u00f6sands gymnasium, och den andra gruppen till tre elever i gymnasieskolor i l\u00e4nets \u00f6vriga kommuner.<br \/>\nAnna H\u00f6gstr\u00f6m tog emot \u201dH\u00e4rn\u00f6sand-priset\u201d \u2212 3 000 kronor \u2212 f\u00f6r novellen \u201dFramliden\u201d.  Olga \u00d6rdell, Sundsvall bel\u00f6nades med 1:a priset \u2212 3 000 kronor \u2212  i \u201d\u00f6vriga l\u00e4net\u201d f\u00f6r novellen \u201dS\u00f6rjan\u201d Andra pris \u2212 2 000 kr \u2212  gick till Alice Melander, Sundsvall f\u00f6r novellen \u201dF\u00f6r k\u00e4rlekens skull\u201d. Hanna Norberg,  Aln\u00f6 bel\u00f6nades med tredje pris \u2212 1 500 kr \u2212 f\u00f6r ber\u00e4ttelsen \u201dSkogshuggaren\u201d.<br \/>\nSara \u00d6dmark (sammankallande), Oskar Nord och Anna-Carin Eliasson har under h\u00f6sten arbetat med att utse 2025 \u00e5rs Ludvig Nordstr\u00f6m-pristagare. Efter att ha pratat om ett halvt dussin nominerade journalister valde juryn att bel\u00f6na Adam Svanell, Stockholm.<\/p>\n<p>Motivering:<br \/>\n<em>Med lika delar mod och eftert\u00e4nksamhet letar Adam Svanell missf\u00f6rh\u00e5llanden i alla samh\u00e4llsskikt och visar varsam respekt f\u00f6r \u00e4mnet om det s\u00e5 handlar om spelberoende, stress eller dysfunktionella dynastier. Han hanterar lika ledigt ljudmediet som det skrivna ordet, r\u00f6r sig hemtamt i det dokument\u00e4ra s\u00e5v\u00e4l som det sk\u00f6nlitter\u00e4ra och \u00e4r nyskapande b\u00e5de i val av historier att belysa och val av ber\u00e4ttarform att belysa dem i. Utan r\u00e4dsla f\u00f6r att bjuda p\u00e5 det personliga \u2013 ibland \u00e4ven det privata \u2013 ger han ber\u00e4ttelserna djup och nyans och kombinerar den journalistiska integriteten med innovativ ber\u00e4ttargl\u00e4dje.<\/em><\/p>\n<p>\u201dAntologiprojektet\u201d. Samtliga litter\u00e4ra s\u00e4llskap i V\u00e4sternorrland har inbjudits att delta i ett bokprojekt med textbidrag av eller om sina f\u00f6rfattare.  Vi har l\u00e4mnat in tre bidrag till juryn: boken Lort-Sverige \u2212 om Tomas Lack-gestalten  och om kortromanen Sj\u00f6r\u00f6varefinal.<\/p>\n<p>F\u00f6r andra g\u00e5ngen har styrelsen utsett en hedersmedlem. 2003 hedrades Ludvig Nordstr\u00f6ms andra hustru Gunborg Nordstr\u00f6m, f\u00f6dd Molin, 1911-2011. Till hedersmedlem 2024 uts\u00e5gs Ann-Marie F\u00e5gelstr\u00f6m, Stockholm, f\u00f6dd 1940. <\/p>\n<p>Motivering:<br \/>\n<em>Alltsedan unga \u00e5r har Ann-Marie F\u00e5gelstr\u00f6m ett djupt intresse f\u00f6r f\u00f6rfattaren Ludvig Nordstr\u00f6ms g\u00e4rning.  Genom sin fader, Sven F\u00e5gelstr\u00f6ms s\u00e4rbo-f\u00f6rh\u00e5llande med Nordstr\u00f6ms \u00e4nka Gunborg, har hon f\u00e5tt insikt i f\u00f6rfattarens liv och verk. Hon har p\u00e5 ett mycket gener\u00f6st s\u00e4tt st\u00f6ttat S\u00e4llskapet genom att bidra med sin k\u00e4nnedom om \u201dLubbe\u201d-personalia. Alltsedan f\u00f6rsta kontakten mellan S\u00e4llskapet och Ann-Marie under ett Lubbe-jubileum i H\u00e4rn\u00f6sand 2002, har hon fungerat som en f\u00f6rmedlande l\u00e4nk mellan S\u00e4llskapet och minnen av \u201dLubbe\u201d.<br \/>\n   Endast som ett exempel har hon bekostat att flera radioprogram d\u00e4r Ludvig Nordstr\u00f6m medverkar, har kunnat l\u00e4ggas till S\u00e4llskapets samlingar. Hon har \u00e4ven p\u00e5 andra s\u00e4tt st\u00f6ttat S\u00e4llskapet ekonomiskt.<br \/>\nAnn-Marie F\u00e5gelstr\u00f6m \u00e4r kort sagt en v\u00e4rdig hedersmedlem i Ludvig Nordstr\u00f6m-s\u00e4llskapet.<\/em><\/p>\n<p>F\u00f6rfattaren Cecilia Klang, G\u00e4vle var sommarens Ulv\u00f6-sipendiat. Hon har ber\u00e4ttat om sin vecka p\u00e5 Ulv\u00f6n i LUDVIG  2024:4. Ett samarrangemang med Norrl. Litteraturs\u00e4llskapet.<\/p>\n<p>Sedan 2015 har s\u00e4llskapet varit medlem i, och l\u00e4mnat in diverse handlingar \u2212  protokoll och annat \u2212 till F\u00f6reningsarkivet V\u00e4sternorrland i H\u00e4rn\u00f6sand. Under 2024 har vi \u00e4ven f\u00e5tt lov att l\u00e4mna i arkivexemplar av b\u00f6cker.  Lort-Sverige av LN, \u00d6backahistorier och Tomas Lack och andra (nytryck av LN:s noveller), Ludvig Nordstr\u00f6m tiofalt speglad av Lars Wolf, Ludvig Nordstr\u00f6ms bibliografi och Min k\u00e4re Ludwig av Isabella Josefsson, samt Parnass temanummer om Ludvig Nordstr\u00f6m.<\/p>\n<p>Fredrik Lundberg har vid ett par tillf\u00e4llen p\u00e5mint det 50-tal Lubbe-intresserade som finns p\u00e5 v\u00e5r adresslista, om att betala medlemsavgiften. Intresset f\u00f6r v\u00e5r f\u00f6rfattare \u00e4r fortfarande ungef\u00e4r lika stort som det varit de senaste tio \u00e5ren, men betalningsviljan \u00e4r vikande.<\/p>\n<p>P R O G R A M V E R K S A M H E T<br \/>\n24\/2   Prisutdelning. Stina Stoor tog emot Ludvig Nordstr\u00f6m-priset (Se ovan). i Olof H\u00f6gberg-salen i H\u00e4rn\u00f6sands Bibliotek.<br \/>\n25\/3  \u201dNovellcaf\u00e9\u201d. Pristagarna av Lilla Lubbe-priset (se ovan) presenterade sig och l\u00e4ste upp sina noveller i Olof H\u00f6gberg-salen i H\u00e4rn\u00f6sands bibliotek..<\/p>\n<p>\u00d6 V R I G T<br \/>\n\u2022\tMedlemsbladet LUDVIG har under \u00e5ret kommit ut med sex nummer. Redaktion: Isabella Josefsson. Medverkande med artiklar och notiser har under \u00e5ret varit: Fredrik Lundberg, Sven Bodin, Daniel L\u00e5ng, Cecilia Klang och Isabella Josefson.<br \/>\n\u2022\tDen 8 juli h\u00f6ll Fredrik Lundberg ett halvtimmes l\u00e5ngt f\u00f6redrag om v\u00e5r f\u00f6rfattare, i byskolan fr\u00e5n Gide\u00e5 p\u00e5 Murbergets friluftsmuseum. Sven Bodins bildband om Ludvig Nordstr\u00f6m visades. Ett samarrangemang med L\u00e4nsmuseet V\u00e4sternorrland.<br \/>\n\u2022\tSven Bodin har under sommaren genomf\u00f6rt ett 30-tal hamnguidningar i Ulv\u00f6hamn. Ludvig Nordstr\u00f6ms korta vistelse p\u00e5 Ulv\u00f6n 1905 \u00e4r en integrerad del i ber\u00e4ttelsen om Ulv\u00f6hamn, alltifr\u00e5n Bergners stuga n\u00e4ra hamnen, till Ulv\u00f6 museum d\u00e4r Lubbe har en egen h\u00f6rna. Filmen \u201dResa till Sveriges guldkust\u201d med b\u00e5ten \u201dNuka Hiva\u201d visas dagligen.<\/p>\n<p>2024  \u00e5rs \u00e5rsm\u00f6te  och prisutdelning \u00e4gde rum i H\u00e4rn\u00f6sands bibliotek<\/p>\n","protected":false},"excerpt":{"rendered":"<p>VERKSAMHETSBER\u00c4TTELSE. LUDVIG NORDSTR\u00d6M-S\u00c4LLSKAPET 2024 Ordf\u00f6rande: Fredrik Lundberg. Vice ordf: Daniel L\u00e5ng. Skattm\u00e4stare: J\u00f6rgen Eriksson. Sekreterare: Isabella Josefsson \u00d6vriga ledam\u00f6ter: Lars Vikberg och Sven Bodin. Ers\u00e4ttare: Sara \u00d6dmark. Revisor: Jan Nilsson. Revisorsers\u00e4ttare: vakant. Valberedning: Bj\u00f6rn Thunberg Styrelsen har haft fyra protokollf\u00f6rda m\u00f6ten ut\u00f6ver \u00e5rsm\u00f6tet. Alla dessa m\u00f6ten genomf\u00f6rdes via Teams. S\u00e4llskapet har 32 betalande medlemmar. \u25d8 &hellip; <\/p>\n<p class=\"link-more\"><a href=\"http:\/\/ludvignordstromsallskapet.se\/?page_id=2775\" class=\"more-link\">Forts\u00e4tt l\u00e4sa<span class=\"screen-reader-text\"> \u201dVerksamhetsber\u00e4ttelser\u201d<\/span><\/a><\/p>\n","protected":false},"author":6,"featured_media":0,"parent":0,"menu_order":0,"comment_status":"closed","ping_status":"closed","template":"","meta":{"footnotes":""},"class_list":["post-2775","page","type-page","status-publish","hentry"],"_links":{"self":[{"href":"http:\/\/ludvignordstromsallskapet.se\/index.php?rest_route=\/wp\/v2\/pages\/2775","targetHints":{"allow":["GET"]}}],"collection":[{"href":"http:\/\/ludvignordstromsallskapet.se\/index.php?rest_route=\/wp\/v2\/pages"}],"about":[{"href":"http:\/\/ludvignordstromsallskapet.se\/index.php?rest_route=\/wp\/v2\/types\/page"}],"author":[{"embeddable":true,"href":"http:\/\/ludvignordstromsallskapet.se\/index.php?rest_route=\/wp\/v2\/users\/6"}],"replies":[{"embeddable":true,"href":"http:\/\/ludvignordstromsallskapet.se\/index.php?rest_route=%2Fwp%2Fv2%2Fcomments&post=2775"}],"version-history":[{"count":12,"href":"http:\/\/ludvignordstromsallskapet.se\/index.php?rest_route=\/wp\/v2\/pages\/2775\/revisions"}],"predecessor-version":[{"id":2787,"href":"http:\/\/ludvignordstromsallskapet.se\/index.php?rest_route=\/wp\/v2\/pages\/2775\/revisions\/2787"}],"wp:attachment":[{"href":"http:\/\/ludvignordstromsallskapet.se\/index.php?rest_route=%2Fwp%2Fv2%2Fmedia&parent=2775"}],"curies":[{"name":"wp","href":"https:\/\/api.w.org\/{rel}","templated":true}]}}