{"id":2674,"date":"2024-01-29T17:19:23","date_gmt":"2024-01-29T16:19:23","guid":{"rendered":"http:\/\/ludvignordstromsallskapet.se\/?page_id=2674"},"modified":"2024-12-09T18:29:56","modified_gmt":"2024-12-09T17:29:56","slug":"bli-medlem","status":"publish","type":"page","link":"http:\/\/ludvignordstromsallskapet.se\/?page_id=2674","title":{"rendered":"Bli Medlem"},"content":{"rendered":"<p>Fr\u00e5n 2025 \u00e4r medlemsavgiften 200 kr. f\u00f6r enskilda medlemmar, 100 kr. f\u00f6r familjemedlemmar och 50 kr. f\u00f6r studerande. Beloppet kan s\u00e4ttas in p\u00e5 PlusGiro 419 98 61-8. <em>Ange ditt namn och din epost-adress p\u00e5 meddelanderaden.<\/em>. Du f\u00e5r medlemsbladet LUDVIG fem g\u00e5nger om \u00e5ret.<\/p>\n<p><em>V\u00c4LKOMMEN<\/em> som medlem!<\/p>\n","protected":false},"excerpt":{"rendered":"<p>Fr\u00e5n 2025 \u00e4r medlemsavgiften 200 kr. f\u00f6r enskilda medlemmar, 100 kr. f\u00f6r familjemedlemmar och 50 kr. f\u00f6r studerande. Beloppet kan s\u00e4ttas in p\u00e5 PlusGiro 419 98 61-8. Ange ditt namn och din epost-adress p\u00e5 meddelanderaden.. Du f\u00e5r medlemsbladet LUDVIG fem g\u00e5nger om \u00e5ret. V\u00c4LKOMMEN som medlem!<\/p>\n","protected":false},"author":4,"featured_media":0,"parent":0,"menu_order":8,"comment_status":"closed","ping_status":"closed","template":"","meta":{"footnotes":""},"class_list":["post-2674","page","type-page","status-publish","hentry"],"_links":{"self":[{"href":"http:\/\/ludvignordstromsallskapet.se\/index.php?rest_route=\/wp\/v2\/pages\/2674","targetHints":{"allow":["GET"]}}],"collection":[{"href":"http:\/\/ludvignordstromsallskapet.se\/index.php?rest_route=\/wp\/v2\/pages"}],"about":[{"href":"http:\/\/ludvignordstromsallskapet.se\/index.php?rest_route=\/wp\/v2\/types\/page"}],"author":[{"embeddable":true,"href":"http:\/\/ludvignordstromsallskapet.se\/index.php?rest_route=\/wp\/v2\/users\/4"}],"replies":[{"embeddable":true,"href":"http:\/\/ludvignordstromsallskapet.se\/index.php?rest_route=%2Fwp%2Fv2%2Fcomments&post=2674"}],"version-history":[{"count":6,"href":"http:\/\/ludvignordstromsallskapet.se\/index.php?rest_route=\/wp\/v2\/pages\/2674\/revisions"}],"predecessor-version":[{"id":2748,"href":"http:\/\/ludvignordstromsallskapet.se\/index.php?rest_route=\/wp\/v2\/pages\/2674\/revisions\/2748"}],"wp:attachment":[{"href":"http:\/\/ludvignordstromsallskapet.se\/index.php?rest_route=%2Fwp%2Fv2%2Fmedia&parent=2674"}],"curies":[{"name":"wp","href":"https:\/\/api.w.org\/{rel}","templated":true}]}}